{"id":13812,"date":"2023-10-12T13:53:12","date_gmt":"2023-10-12T11:53:12","guid":{"rendered":"https:\/\/www.vierboomtrucks.nl\/privacyverklaring\/"},"modified":"2024-05-01T10:53:54","modified_gmt":"2024-05-01T08:53:54","slug":"declaracion-de-privacidad","status":"publish","type":"page","link":"https:\/\/www.vierboomtrucks.nl\/es\/declaracion-de-privacidad\/","title":{"rendered":"Declaraci\u00f3n de privacidad"},"content":{"rendered":"\t\t<div data-elementor-type=\"wp-page\" data-elementor-id=\"13812\" class=\"elementor elementor-13812 elementor-3501\" data-elementor-post-type=\"page\">\n\t\t\t\t\t\t<section class=\"elementor-section elementor-top-section elementor-element elementor-element-ff4392d generic-section elementor-section-boxed elementor-section-height-default elementor-section-height-default\" data-id=\"ff4392d\" data-element_type=\"section\" data-e-type=\"section\" data-settings=\"{&quot;jet_parallax_layout_list&quot;:[]}\">\n\t\t\t\t\t\t<div class=\"elementor-container elementor-column-gap-default\">\n\t\t\t\t\t<div class=\"elementor-column elementor-col-100 elementor-top-column elementor-element elementor-element-6a6ebb9\" data-id=\"6a6ebb9\" data-element_type=\"column\" data-e-type=\"column\">\n\t\t\t<div class=\"elementor-widget-wrap elementor-element-populated\">\n\t\t\t\t\t\t<div class=\"elementor-element elementor-element-5aede2e elementor-widget elementor-widget-text-editor\" data-id=\"5aede2e\" data-element_type=\"widget\" data-e-type=\"widget\" data-widget_type=\"text-editor.default\">\n\t\t\t\t<div class=\"elementor-widget-container\">\n\t\t\t\t\t\t\t\t\tLa sociedad limitada Vierboom Trucks B.V. (Registro mercantil: 30232689) considera importante la protecci\u00f3n de los datos personales. Consideramos nuestra responsabilidad proteger su privacidad. En esta p\u00e1gina se puede leer qu\u00e9 datos capturamos si se utiliza nuestro sitio web, por qu\u00e9 capturamos dichos datos y c\u00f3mo se mejora la experiencia de usuario con ellos.\t\t\t\t\t\t\t\t<\/div>\n\t\t\t\t<\/div>\n\t\t\t\t<div class=\"elementor-element elementor-element-ccf891a elementor-widget elementor-widget-heading\" data-id=\"ccf891a\" data-element_type=\"widget\" data-e-type=\"widget\" data-widget_type=\"heading.default\">\n\t\t\t\t<div class=\"elementor-widget-container\">\n\t\t\t\t\t<h5 class=\"elementor-heading-title elementor-size-default\">Aplicaci\u00f3n<\/h5>\t\t\t\t<\/div>\n\t\t\t\t<\/div>\n\t\t\t\t<div class=\"elementor-element elementor-element-19d8451 elementor-widget elementor-widget-text-editor\" data-id=\"19d8451\" data-element_type=\"widget\" data-e-type=\"widget\" data-widget_type=\"text-editor.default\">\n\t\t\t\t<div class=\"elementor-widget-container\">\n\t\t\t\t\t\t\t\t\tEsta declaraci\u00f3n se aplica a las siguientes categor\u00edas de personas f\u00edsicas de qui\u00e9n Vierboom Trucks realiza tratamiento de datos personales:\nclientes (potenciales)\nvisitantes de las instalaciones de Vierboom Trucks;\nvisitantes de https:\/\/www.vierboomtrucks.nl\ncualquier otra persona que contacta con Vierboom Trucks o cuyos datos personales procesa Vierboom Trucks.\n\t\t\t\t\t\t\t\t<\/div>\n\t\t\t\t<\/div>\n\t\t\t\t<div class=\"elementor-element elementor-element-b536bcc elementor-widget elementor-widget-heading\" data-id=\"b536bcc\" data-element_type=\"widget\" data-e-type=\"widget\" data-widget_type=\"heading.default\">\n\t\t\t\t<div class=\"elementor-widget-container\">\n\t\t\t\t\t<h5 class=\"elementor-heading-title elementor-size-default\">Tratamiento de datos personales<\/h5>\t\t\t\t<\/div>\n\t\t\t\t<\/div>\n\t\t\t\t<div class=\"elementor-element elementor-element-d5cea6f elementor-widget elementor-widget-text-editor\" data-id=\"d5cea6f\" data-element_type=\"widget\" data-e-type=\"widget\" data-widget_type=\"text-editor.default\">\n\t\t\t\t<div class=\"elementor-widget-container\">\n\t\t\t\t\t\t\t\t\t<p>Vierboom Trucks trata datos personales que:<br \/>el interesado mismo ha facilitado (durante una conversaci\u00f3n o reuni\u00f3n), por tel\u00e9fono o de forma digital, como datos de contacto y seg\u00fan el tipo de interacci\u00f3n, otros datos personales;<br \/>generados durante una visita del interesado al sitio web de Vierboom Trucks, como la direcci\u00f3n IP, el comportamiento de navegaci\u00f3n en el sitio web (como datos sobre su primera visita, visita previa y visita actual, las p\u00e1ginas vistas y la forma en que se ha navegado por el sitio web);<br \/>Vierboom Trucks ha derivado de otras fuentes, entre otras, plataformas de redes sociales profesionales como LinkedIn, sitios web p\u00fablicos de negocios, el registro mercantil de la C\u00e1mara de Comercio, el Catastro, as\u00ed como datos de contacto cumplimentados y necesarios y otros datos personales.<br \/>Datos facilitados a Vierboom Trucks por otras instancias.<\/p>\t\t\t\t\t\t\t\t<\/div>\n\t\t\t\t<\/div>\n\t\t\t\t<div class=\"elementor-element elementor-element-9f13ebf elementor-widget elementor-widget-heading\" data-id=\"9f13ebf\" data-element_type=\"widget\" data-e-type=\"widget\" data-widget_type=\"heading.default\">\n\t\t\t\t<div class=\"elementor-widget-container\">\n\t\t\t\t\t<h5 class=\"elementor-heading-title elementor-size-default\">Objetivos del tratamiento y datos<\/h5>\t\t\t\t<\/div>\n\t\t\t\t<\/div>\n\t\t\t\t<div class=\"elementor-element elementor-element-32224cf elementor-widget elementor-widget-text-editor\" data-id=\"32224cf\" data-element_type=\"widget\" data-e-type=\"widget\" data-widget_type=\"text-editor.default\">\n\t\t\t\t<div class=\"elementor-widget-container\">\n\t\t\t\t\t\t\t\t\t<p>Vierboom Trucks trata los datos personales con los siguientes objetivos<\/p>\n\n<ol>\n \t<li>La ejecuci\u00f3n de un contrato con el cliente;<\/li>\n \t<li>redacci\u00f3n de contratos y facturas;<\/li>\n \t<li>het verbeteren van product- en dienstinformatie en het uitvoeren van gerichte marketingacties;<\/li>\n \t<li>Cumplimiento de obligaciones legales, entre otras, la ley anti blanqueo de dinero y contra la financiaci\u00f3n del terrorismo (Wwft);<\/li>\n \t<li>La mejora de informaci\u00f3n de productos y servicios y la ejecuci\u00f3n de acciones de marketing dirigidas; el mantenimiento de estad\u00edsticas de usuario. Estad\u00edsticas de uso del sitio web de la oficina proporciona informaci\u00f3n sobre la cantidad de visitantes, la duraci\u00f3n de la visita y el comportamiento de navegaci\u00f3n, la supervisi\u00f3n de acceso a la oficina y la protecci\u00f3n de datos confidenciales.<\/li>\n<\/ol>\t\t\t\t\t\t\t\t<\/div>\n\t\t\t\t<\/div>\n\t\t\t\t<div class=\"elementor-element elementor-element-7cd27ba elementor-widget elementor-widget-heading\" data-id=\"7cd27ba\" data-element_type=\"widget\" data-e-type=\"widget\" data-widget_type=\"heading.default\">\n\t\t\t\t<div class=\"elementor-widget-container\">\n\t\t\t\t\t<h5 class=\"elementor-heading-title elementor-size-default\">Los datos personales que se procesan<\/h5>\t\t\t\t<\/div>\n\t\t\t\t<\/div>\n\t\t\t\t<div class=\"elementor-element elementor-element-08b67c8 elementor-widget elementor-widget-text-editor\" data-id=\"08b67c8\" data-element_type=\"widget\" data-e-type=\"widget\" data-widget_type=\"text-editor.default\">\n\t\t\t\t<div class=\"elementor-widget-container\">\n\t\t\t\t\t\t\t\t\t<p>\u2022 Nombre \u2022 Direcci\u00f3n \u2022 Sexo \u2022 Fecha de nacimiento \u2022 Lugar de nacimiento \u2022 N\u00famero de cuenta bancaria \u2022 Direcci\u00f3n IP \u2022 N\u00famero de DNI \u2022 N\u00famero de clientes por empresa \u2022 Direcci\u00f3n de correo electr\u00f3nico \u2022 Informaci\u00f3n m\u00e9dica \u2022 N\u00famero de tel\u00e9fono \u2022 Otros datos personales<\/p>\t\t\t\t\t\t\t\t<\/div>\n\t\t\t\t<\/div>\n\t\t\t\t<div class=\"elementor-element elementor-element-9c00d3d elementor-widget elementor-widget-heading\" data-id=\"9c00d3d\" data-element_type=\"widget\" data-e-type=\"widget\" data-widget_type=\"heading.default\">\n\t\t\t\t<div class=\"elementor-widget-container\">\n\t\t\t\t\t<h5 class=\"elementor-heading-title elementor-size-default\">Base legal<\/h5>\t\t\t\t<\/div>\n\t\t\t\t<\/div>\n\t\t\t\t<div class=\"elementor-element elementor-element-0449b52 elementor-widget elementor-widget-text-editor\" data-id=\"0449b52\" data-element_type=\"widget\" data-e-type=\"widget\" data-widget_type=\"text-editor.default\">\n\t\t\t\t<div class=\"elementor-widget-container\">\n\t\t\t\t\t\t\t\t\t<p>Vierboom Trucks trata los datos personales de acuerdo con las siguientes bases legales:<\/p>\n\n<ol>\n \t<li class=\"p1\">autorizaci\u00f3n del interesado, que puede rescindirse en cualquier momento, sin que afecte a la legalidad del procesamiento de los datos de acuerdo con la autorizaci\u00f3n previa a su rescisi\u00f3n;<\/li>\n \t<li class=\"p1\">ejecuci\u00f3n de o intenci\u00f3n de realizar un contrato de compra o un contrato de prestaci\u00f3n de servicios;<\/li>\n \t<li class=\"p1\">una obligaci\u00f3n legal, como por ejemplo, de acuerdo con la ley Wwft;<\/li>\n \t<li class=\"p1\">un inter\u00e9s justificado.<\/li>\n<\/ol>\t\t\t\t\t\t\t\t<\/div>\n\t\t\t\t<\/div>\n\t\t\t\t<div class=\"elementor-element elementor-element-513d979 elementor-widget elementor-widget-heading\" data-id=\"513d979\" data-element_type=\"widget\" data-e-type=\"widget\" data-widget_type=\"heading.default\">\n\t\t\t\t<div class=\"elementor-widget-container\">\n\t\t\t\t\t<h5 class=\"elementor-heading-title elementor-size-default\">Procesadores<\/h5>\t\t\t\t<\/div>\n\t\t\t\t<\/div>\n\t\t\t\t<div class=\"elementor-element elementor-element-2aaad0f elementor-widget elementor-widget-text-editor\" data-id=\"2aaad0f\" data-element_type=\"widget\" data-e-type=\"widget\" data-widget_type=\"text-editor.default\">\n\t\t\t\t<div class=\"elementor-widget-container\">\n\t\t\t\t\t\t\t\t\t<p>Vierboom Trucks puede establecer con otros procesadores de datos personales (procesadores) un contrato para el tratamiento de los datos personales que cumpla con los requisitos del Reglamento General de Protecci\u00f3n de Datos (RGPD). Vierboom Trucks utiliza un sistema autom\u00e1tico que controla y supervisa el entorno inform\u00e1tico de la oficina.<\/p>\t\t\t\t\t\t\t\t<\/div>\n\t\t\t\t<\/div>\n\t\t\t\t<div class=\"elementor-element elementor-element-78742e0 elementor-widget elementor-widget-heading\" data-id=\"78742e0\" data-element_type=\"widget\" data-e-type=\"widget\" data-widget_type=\"heading.default\">\n\t\t\t\t<div class=\"elementor-widget-container\">\n\t\t\t\t\t<h5 class=\"elementor-heading-title elementor-size-default\">Compartir datos personales con terceros\n<\/h5>\t\t\t\t<\/div>\n\t\t\t\t<\/div>\n\t\t\t\t<div class=\"elementor-element elementor-element-732cfc4 elementor-widget elementor-widget-text-editor\" data-id=\"732cfc4\" data-element_type=\"widget\" data-e-type=\"widget\" data-widget_type=\"text-editor.default\">\n\t\t\t\t<div class=\"elementor-widget-container\">\n\t\t\t\t\t\t\t\t\tVierboom Trucks comparte los datos con terceros que son necesarios para ejecutar el contrato o para cumplir con sus obligaciones legales. El cumplimiento de las obligaciones legales puede incluir la comunicaci\u00f3n de transacciones inusuales. Tambi\u00e9n se comparten datos con el proveedor de servicio en la nube y el proveedor inform\u00e1tico. Vierboom Trucks no comparte datos personales con terceros con fines comerciales.\n\t\t\t\t\t\t\t\t<\/div>\n\t\t\t\t<\/div>\n\t\t\t\t<div class=\"elementor-element elementor-element-15d6ca3 elementor-widget elementor-widget-heading\" data-id=\"15d6ca3\" data-element_type=\"widget\" data-e-type=\"widget\" data-widget_type=\"heading.default\">\n\t\t\t\t<div class=\"elementor-widget-container\">\n\t\t\t\t\t<h5 class=\"elementor-heading-title elementor-size-default\">Conservaci\u00f3n de los datos<\/h5>\t\t\t\t<\/div>\n\t\t\t\t<\/div>\n\t\t\t\t<div class=\"elementor-element elementor-element-963c2be elementor-widget elementor-widget-text-editor\" data-id=\"963c2be\" data-element_type=\"widget\" data-e-type=\"widget\" data-widget_type=\"text-editor.default\">\n\t\t\t\t<div class=\"elementor-widget-container\">\n\t\t\t\t\t\t\t\t\t<p>Vierboom Trucks, en principio aplica los siguientes plazos de conservaci\u00f3n:\n:<\/p>\n\n<ol>\n \t<li class=\"p1\">expedientes en papel: m\u00ednimo de 5 a\u00f1os;<\/li>\n \t<li class=\"p1\">expedientes digitales: m\u00ednimo de 5 a\u00f1os;<\/li>\n \t<li class=\"p1\">(financieel-)Datos (financieros) administrativos: 7 a\u00f1os tras el registro de los datos;<\/li>\n<\/ol>\t\t\t\t\t\t\t\t<\/div>\n\t\t\t\t<\/div>\n\t\t\t\t<div class=\"elementor-element elementor-element-2576154 elementor-widget elementor-widget-heading\" data-id=\"2576154\" data-element_type=\"widget\" data-e-type=\"widget\" data-widget_type=\"heading.default\">\n\t\t\t\t<div class=\"elementor-widget-container\">\n\t\t\t\t\t<h5 class=\"elementor-heading-title elementor-size-default\">Cambios en la declaraci\u00f3n de privacidad<\/h5>\t\t\t\t<\/div>\n\t\t\t\t<\/div>\n\t\t\t\t<div class=\"elementor-element elementor-element-afa8be3 elementor-widget elementor-widget-text-editor\" data-id=\"afa8be3\" data-element_type=\"widget\" data-e-type=\"widget\" data-widget_type=\"text-editor.default\">\n\t\t\t\t<div class=\"elementor-widget-container\">\n\t\t\t\t\t\t\t\t\tVierboom Trucks puede modificar en cualquier momento la presente declaraci\u00f3n de privacidad. Los cambios se publicar\u00e1n en el sitio web de Vierboom Trucks.\n\t\t\t\t\t\t\t\t<\/div>\n\t\t\t\t<\/div>\n\t\t\t\t<div class=\"elementor-element elementor-element-417bd99 elementor-widget elementor-widget-heading\" data-id=\"417bd99\" data-element_type=\"widget\" data-e-type=\"widget\" data-widget_type=\"heading.default\">\n\t\t\t\t<div class=\"elementor-widget-container\">\n\t\t\t\t\t<h5 class=\"elementor-heading-title elementor-size-default\">Compartir datos personales con terceros<\/h5>\t\t\t\t<\/div>\n\t\t\t\t<\/div>\n\t\t\t\t<div class=\"elementor-element elementor-element-b839b0a elementor-widget elementor-widget-text-editor\" data-id=\"b839b0a\" data-element_type=\"widget\" data-e-type=\"widget\" data-widget_type=\"text-editor.default\">\n\t\t\t\t<div class=\"elementor-widget-container\">\n\t\t\t\t\t\t\t\t\tVierboom Trucks comparte los datos con terceros que son necesarios para ejecutar el contrato o para cumplir con sus obligaciones legales. El cumplimiento de las obligaciones legales puede incluir la comunicaci\u00f3n de transacciones inusuales. Tambi\u00e9n se comparten datos con el proveedor de servicio en la nube y el proveedor inform\u00e1tico. Vierboom Trucks no comparte datos personales con terceros con fines comerciales.\t\t\t\t\t\t\t\t<\/div>\n\t\t\t\t<\/div>\n\t\t\t\t<div class=\"elementor-element elementor-element-74f2591 elementor-widget elementor-widget-heading\" data-id=\"74f2591\" data-element_type=\"widget\" data-e-type=\"widget\" data-widget_type=\"heading.default\">\n\t\t\t\t<div class=\"elementor-widget-container\">\n\t\t\t\t\t<h5 class=\"elementor-heading-title elementor-size-default\">Vierboom Trucks B.V.<\/h5>\t\t\t\t<\/div>\n\t\t\t\t<\/div>\n\t\t\t\t<div class=\"elementor-element elementor-element-19b45ba elementor-widget elementor-widget-text-editor\" data-id=\"19b45ba\" data-element_type=\"widget\" data-e-type=\"widget\" data-widget_type=\"text-editor.default\">\n\t\t\t\t<div class=\"elementor-widget-container\">\n\t\t\t\t\t\t\t\t\t<p class=\"p1\">Koopmansweg 1A<\/p>\n<p class=\"p1\">6515 AK Nijmegen<\/p>\n<a href=\"tel:+31(0)243791038\"><p class=\"p1\">Tel:<b> +31 (0)24 379 10 38<\/p><\/b><\/a>\n<p class=\"p1\">info@vierboomtrucks.nl<\/p>\t\t\t\t\t\t\t\t<\/div>\n\t\t\t\t<\/div>\n\t\t\t\t\t<\/div>\n\t\t<\/div>\n\t\t\t\t\t<\/div>\n\t\t<\/section>\n\t\t\t\t<\/div>\n\t\t","protected":false},"excerpt":{"rendered":"<p>La sociedad limitada Vierboom Trucks B.V. (Registro mercantil: 30232689) considera importante la protecci\u00f3n de los datos personales. Consideramos nuestra responsabilidad proteger su privacidad. En esta p\u00e1gina se puede leer qu\u00e9 datos capturamos si se utiliza nuestro sitio web, por qu\u00e9 capturamos dichos datos y c\u00f3mo se mejora la experiencia de usuario con ellos. Aplicaci\u00f3n Esta [&hellip;]<\/p>\n","protected":false},"author":3,"featured_media":0,"parent":0,"menu_order":0,"comment_status":"closed","ping_status":"closed","template":"","meta":{"footnotes":""},"class_list":["post-13812","page","type-page","status-publish","hentry"],"_links":{"self":[{"href":"https:\/\/www.vierboomtrucks.nl\/es\/wp-json\/wp\/v2\/pages\/13812","targetHints":{"allow":["GET"]}}],"collection":[{"href":"https:\/\/www.vierboomtrucks.nl\/es\/wp-json\/wp\/v2\/pages"}],"about":[{"href":"https:\/\/www.vierboomtrucks.nl\/es\/wp-json\/wp\/v2\/types\/page"}],"author":[{"embeddable":true,"href":"https:\/\/www.vierboomtrucks.nl\/es\/wp-json\/wp\/v2\/users\/3"}],"replies":[{"embeddable":true,"href":"https:\/\/www.vierboomtrucks.nl\/es\/wp-json\/wp\/v2\/comments?post=13812"}],"version-history":[{"count":5,"href":"https:\/\/www.vierboomtrucks.nl\/es\/wp-json\/wp\/v2\/pages\/13812\/revisions"}],"predecessor-version":[{"id":13855,"href":"https:\/\/www.vierboomtrucks.nl\/es\/wp-json\/wp\/v2\/pages\/13812\/revisions\/13855"}],"wp:attachment":[{"href":"https:\/\/www.vierboomtrucks.nl\/es\/wp-json\/wp\/v2\/media?parent=13812"}],"curies":[{"name":"wp","href":"https:\/\/api.w.org\/{rel}","templated":true}]}}