{"id":13811,"date":"2023-10-12T13:53:12","date_gmt":"2023-10-12T11:53:12","guid":{"rendered":"https:\/\/www.vierboomtrucks.nl\/privacyverklaring\/"},"modified":"2024-04-30T14:37:14","modified_gmt":"2024-04-30T12:37:14","slug":"privacyverklaring","status":"publish","type":"page","link":"https:\/\/www.vierboomtrucks.nl\/de\/privacyverklaring\/","title":{"rendered":"Erkl\u00e4rung zum Datenschutz"},"content":{"rendered":"\t\t<div data-elementor-type=\"wp-page\" data-elementor-id=\"13811\" class=\"elementor elementor-13811 elementor-3501\" data-elementor-post-type=\"page\">\n\t\t\t\t\t\t<section class=\"elementor-section elementor-top-section elementor-element elementor-element-ff4392d generic-section elementor-section-boxed elementor-section-height-default elementor-section-height-default\" data-id=\"ff4392d\" data-element_type=\"section\" data-e-type=\"section\" data-settings=\"{&quot;jet_parallax_layout_list&quot;:[]}\">\n\t\t\t\t\t\t<div class=\"elementor-container elementor-column-gap-default\">\n\t\t\t\t\t<div class=\"elementor-column elementor-col-100 elementor-top-column elementor-element elementor-element-6a6ebb9\" data-id=\"6a6ebb9\" data-element_type=\"column\" data-e-type=\"column\">\n\t\t\t<div class=\"elementor-widget-wrap elementor-element-populated\">\n\t\t\t\t\t\t<div class=\"elementor-element elementor-element-5aede2e elementor-widget elementor-widget-text-editor\" data-id=\"5aede2e\" data-element_type=\"widget\" data-e-type=\"widget\" data-widget_type=\"text-editor.default\">\n\t\t\t\t<div class=\"elementor-widget-container\">\n\t\t\t\t\t\t\t\t\t<p>Das Privatunternehmen Vierboom Trucks B.V. (KvK. 30232689) misst dem Schutz personenbezogener Daten gro\u00dfe Bedeutung bei. Vierboom Trucks sieht es daher als seine Verantwortung an, Ihre Privatsph\u00e4re zu sch\u00fctzen. Auf dieser Seite erfahren Sie, welche Daten gesammelt werden, wenn Sie unsere Website nutzen, warum sie gesammelt werden und wie sie Ihr Nutzererlebnis verbessern.<\/p>\n\t\t\t\t\t\t\t\t<\/div>\n\t\t\t\t<\/div>\n\t\t\t\t<div class=\"elementor-element elementor-element-ccf891a elementor-widget elementor-widget-heading\" data-id=\"ccf891a\" data-element_type=\"widget\" data-e-type=\"widget\" data-widget_type=\"heading.default\">\n\t\t\t\t<div class=\"elementor-widget-container\">\n\t\t\t\t\t<h5 class=\"elementor-heading-title elementor-size-default\">Anwendung<\/h5>\t\t\t\t<\/div>\n\t\t\t\t<\/div>\n\t\t\t\t<div class=\"elementor-element elementor-element-19d8451 elementor-widget elementor-widget-text-editor\" data-id=\"19d8451\" data-element_type=\"widget\" data-e-type=\"widget\" data-widget_type=\"text-editor.default\">\n\t\t\t\t<div class=\"elementor-widget-container\">\n\t\t\t\t\t\t\t\t\t<p>Diese Erkl\u00e4rung gilt f\u00fcr die folgenden Kategorien von nat\u00fcrlichen Personen, von denen Vierboom Trucks personenbezogene Daten verarbeitet:<\/p>\n<ol>\n<li>(potenzielle) Kunden;<\/li>\n<li>Besucher der Niederlassung von Vierboom Trucks;<\/li>\n<li>  Besucher von https:\/\/www.vierboomtrucks.nl<\/li>\n<li>jede andere Person, die Vierboom Trucks kontaktiert oder von der Vierboom Trucks personenbezogene Daten verarbeitet.<\/li>\n<\/ol>\n\t\t\t\t\t\t\t\t<\/div>\n\t\t\t\t<\/div>\n\t\t\t\t<div class=\"elementor-element elementor-element-b536bcc elementor-widget elementor-widget-heading\" data-id=\"b536bcc\" data-element_type=\"widget\" data-e-type=\"widget\" data-widget_type=\"heading.default\">\n\t\t\t\t<div class=\"elementor-widget-container\">\n\t\t\t\t\t<h5 class=\"elementor-heading-title elementor-size-default\">Verarbeitung von personenbezogenen Daten<\/h5>\t\t\t\t<\/div>\n\t\t\t\t<\/div>\n\t\t\t\t<div class=\"elementor-element elementor-element-d5cea6f elementor-widget elementor-widget-text-editor\" data-id=\"d5cea6f\" data-element_type=\"widget\" data-e-type=\"widget\" data-widget_type=\"text-editor.default\">\n\t\t\t\t<div class=\"elementor-widget-container\">\n\t\t\t\t\t\t\t\t\t<p>Vierboom Trucks verarbeitet personenbezogene Daten, die:<\/p>\n<ol>\n<li>die eine betroffene Person pers\u00f6nlich (w\u00e4hrend eines Gespr\u00e4chs oder einer Sitzung), telefonisch oder digital zur Verf\u00fcgung gestellt hat, wie z.B. Kontaktdaten und &#8211; je nach Art des Anlasses &#8211; andere pers\u00f6nliche Daten;<\/li>\n<li>die w\u00e4hrend des Besuchs einer betroffenen Person auf der Website von Vierboom Trucks generiert werden, wie z.B. die IP-Adresse, das Surfverhalten auf der Website (wie z.B. Daten \u00fcber den ersten Besuch, den vorherigen Besuch und den aktuellen Besuch, die aufgerufenen Seiten und die Art und Weise der Navigation auf der Website);<\/li>\n<li>Vierboom Trucks hat aus anderen Quellen, darunter Social-Media-Plattformen f\u00fcr Unternehmen wie LinkedIn, \u00f6ffentliche Unternehmenswebseiten, das Handelsregister der Handelskammer, das Grundbuchamt, Rdw, wie ausgef\u00fcllte und erforderliche Kontaktangaben und andere pers\u00f6nliche Daten abgeleitet.<\/li>\n<li>wurden Vierboom Trucks von anderen Agenturen zur Verf\u00fcgung gestellt.<\/li>\n<\/ol>\n\t\t\t\t\t\t\t\t<\/div>\n\t\t\t\t<\/div>\n\t\t\t\t<div class=\"elementor-element elementor-element-9f13ebf elementor-widget elementor-widget-heading\" data-id=\"9f13ebf\" data-element_type=\"widget\" data-e-type=\"widget\" data-widget_type=\"heading.default\">\n\t\t\t\t<div class=\"elementor-widget-container\">\n\t\t\t\t\t<h5 class=\"elementor-heading-title elementor-size-default\">Zwecke der Verarbeitung<\/h5>\t\t\t\t<\/div>\n\t\t\t\t<\/div>\n\t\t\t\t<div class=\"elementor-element elementor-element-32224cf elementor-widget elementor-widget-text-editor\" data-id=\"32224cf\" data-element_type=\"widget\" data-e-type=\"widget\" data-widget_type=\"text-editor.default\">\n\t\t\t\t<div class=\"elementor-widget-container\">\n\t\t\t\t\t\t\t\t\t<p class=\"p1\">Vierboom Trucks verarbeitet personenbezogene Daten f\u00fcr die folgenden Zwecke:<\/p>\n<ol>\n<li>einen Vertrag mit dem Kunden abzuschlie\u00dfen;<\/li>\n<li>Abfassung von Vertr\u00e4gen und Rechnungen;<\/li>\n<li>die Einhaltung einer gesetzlichen Verpflichtung, einschlie\u00dflich des Gesetzes zur Verhinderung von Geldw\u00e4sche und Terrorismusfinanzierung (Wwft);<\/li>\n<li>Verbesserung der Produkt- und Serviceinformationen und Durchf\u00fchrung gezielter Marketingkampagnen;<\/li>\n<li>Pflege der Benutzerstatistiken. Die Benutzerstatistiken der B\u00fcro-Website geben Auskunft \u00fcber Besucherzahlen, Besuchsdauer und Klickverhalten.<\/li>\n<li>\u00dcberwachung des Zugangs zum B\u00fcro und Schutz vertraulicher Daten.<\/li>\n<\/ol>\n\t\t\t\t\t\t\t\t<\/div>\n\t\t\t\t<\/div>\n\t\t\t\t<div class=\"elementor-element elementor-element-7cd27ba elementor-widget elementor-widget-heading\" data-id=\"7cd27ba\" data-element_type=\"widget\" data-e-type=\"widget\" data-widget_type=\"heading.default\">\n\t\t\t\t<div class=\"elementor-widget-container\">\n\t\t\t\t\t<h5 class=\"elementor-heading-title elementor-size-default\">Welche pers\u00f6nlichen Daten verarbeitet werden<\/h5>\t\t\t\t<\/div>\n\t\t\t\t<\/div>\n\t\t\t\t<div class=\"elementor-element elementor-element-08b67c8 elementor-widget elementor-widget-text-editor\" data-id=\"08b67c8\" data-element_type=\"widget\" data-e-type=\"widget\" data-widget_type=\"text-editor.default\">\n\t\t\t\t<div class=\"elementor-widget-container\">\n\t\t\t\t\t\t\t\t\t<p>&#8211; Name &#8211; Adresse &#8211; Geschlecht &#8211; Geburtsdatum &#8211; Geburtsort &#8211; Kontonummer &#8211; IP-Adresse &#8211; BSN-Nummer &#8211; Firmenkundennummern &#8211; E-Mail-Adresse &#8211; Medizinische Informationen &#8211; Telefonnummer &#8211; Andere pers\u00f6nliche Daten<\/p>\n\t\t\t\t\t\t\t\t<\/div>\n\t\t\t\t<\/div>\n\t\t\t\t<div class=\"elementor-element elementor-element-9c00d3d elementor-widget elementor-widget-heading\" data-id=\"9c00d3d\" data-element_type=\"widget\" data-e-type=\"widget\" data-widget_type=\"heading.default\">\n\t\t\t\t<div class=\"elementor-widget-container\">\n\t\t\t\t\t<h5 class=\"elementor-heading-title elementor-size-default\">Rechtsgrundlage<\/h5>\t\t\t\t<\/div>\n\t\t\t\t<\/div>\n\t\t\t\t<div class=\"elementor-element elementor-element-0449b52 elementor-widget elementor-widget-text-editor\" data-id=\"0449b52\" data-element_type=\"widget\" data-e-type=\"widget\" data-widget_type=\"text-editor.default\">\n\t\t\t\t<div class=\"elementor-widget-container\">\n\t\t\t\t\t\t\t\t\t<p class=\"p1\">Vierboom Trucks verarbeitet personenbezogene Daten aus den folgenden rechtlichen Gr\u00fcnden:<\/p>\n<ol>\n<li class=\"p1\">die Einwilligung der betroffenen Person, die jederzeit widerrufen werden kann, unbeschadet der Rechtm\u00e4\u00dfigkeit der Verarbeitung aufgrund der Einwilligung vor dem Widerruf;<\/li>\n<li class=\"p1\">Erf\u00fcllung oder im Hinblick auf den Abschluss eines Kauf- oder Dienstleistungsvertrages;<\/li>\n<li class=\"p1\">eine gesetzliche Verpflichtung, wie zum Beispiel im Rahmen des Wwft;<\/li>\n<li class=\"p1\">ein berechtigtes Interesse.<\/li>\n<\/ol>\n\t\t\t\t\t\t\t\t<\/div>\n\t\t\t\t<\/div>\n\t\t\t\t<div class=\"elementor-element elementor-element-513d979 elementor-widget elementor-widget-heading\" data-id=\"513d979\" data-element_type=\"widget\" data-e-type=\"widget\" data-widget_type=\"heading.default\">\n\t\t\t\t<div class=\"elementor-widget-container\">\n\t\t\t\t\t<h5 class=\"elementor-heading-title elementor-size-default\">Prozessoren<\/h5>\t\t\t\t<\/div>\n\t\t\t\t<\/div>\n\t\t\t\t<div class=\"elementor-element elementor-element-2aaad0f elementor-widget elementor-widget-text-editor\" data-id=\"2aaad0f\" data-element_type=\"widget\" data-e-type=\"widget\" data-widget_type=\"text-editor.default\">\n\t\t\t\t<div class=\"elementor-widget-container\">\n\t\t\t\t\t\t\t\t\t<p>Vierboom Trucks kann Dienstleister (Auftragsverarbeiter) mit der Verarbeitung personenbezogener Daten beauftragen. Vierboom Trucks schlie\u00dft mit den Auftragsverarbeitern einen Auftragsverarbeitungsvertrag ab, der die Anforderungen der Allgemeinen Datenschutzverordnung (AVG) erf\u00fcllt. Vierboom Trucks arbeitet mit einem Automatisierungsunternehmen zusammen, das die IT-Umgebung des B\u00fcros verwaltet und absichert.<\/p>\n\t\t\t\t\t\t\t\t<\/div>\n\t\t\t\t<\/div>\n\t\t\t\t<div class=\"elementor-element elementor-element-78742e0 elementor-widget elementor-widget-heading\" data-id=\"78742e0\" data-element_type=\"widget\" data-e-type=\"widget\" data-widget_type=\"heading.default\">\n\t\t\t\t<div class=\"elementor-widget-container\">\n\t\t\t\t\t<h5 class=\"elementor-heading-title elementor-size-default\">Weitergabe pers\u00f6nlicher Daten an Dritte<\/h5>\t\t\t\t<\/div>\n\t\t\t\t<\/div>\n\t\t\t\t<div class=\"elementor-element elementor-element-732cfc4 elementor-widget elementor-widget-text-editor\" data-id=\"732cfc4\" data-element_type=\"widget\" data-e-type=\"widget\" data-widget_type=\"text-editor.default\">\n\t\t\t\t<div class=\"elementor-widget-container\">\n\t\t\t\t\t\t\t\t\t<p>Vierboom Trucks gibt Daten an Dritte weiter, wenn dies f\u00fcr die Erf\u00fcllung des Vertrags oder zur Erf\u00fcllung einer gesetzlichen Verpflichtung erforderlich ist. Die Einhaltung einer gesetzlichen Verpflichtung k\u00f6nnte die Meldung ungew\u00f6hnlicher Transaktionen beinhalten. Die Daten werden auch mit dem Cloud-Anbieter und dem IT-Lieferanten geteilt. Vierboom Trucks gibt keine pers\u00f6nlichen Daten zu kommerziellen Zwecken an Dritte weiter.<\/p>\n\t\t\t\t\t\t\t\t<\/div>\n\t\t\t\t<\/div>\n\t\t\t\t<div class=\"elementor-element elementor-element-15d6ca3 elementor-widget elementor-widget-heading\" data-id=\"15d6ca3\" data-element_type=\"widget\" data-e-type=\"widget\" data-widget_type=\"heading.default\">\n\t\t\t\t<div class=\"elementor-widget-container\">\n\t\t\t\t\t<h5 class=\"elementor-heading-title elementor-size-default\">Aufbewahrung von Daten<\/h5>\t\t\t\t<\/div>\n\t\t\t\t<\/div>\n\t\t\t\t<div class=\"elementor-element elementor-element-963c2be elementor-widget elementor-widget-text-editor\" data-id=\"963c2be\" data-element_type=\"widget\" data-e-type=\"widget\" data-widget_type=\"text-editor.default\">\n\t\t\t\t<div class=\"elementor-widget-container\">\n\t\t\t\t\t\t\t\t\t<p class=\"p1\">Vierboom Trucks wendet im Prinzip die folgenden Aufbewahrungsfristen an:<\/p>\n<ol>\n<li class=\"p1\">Papierakte: mindestens 5 Jahre;<\/li>\n<li class=\"p1\">digitale Akte: mindestens 5 Jahre;<\/li>\n<li class=\"p1\">(Finanz-)Verwaltungsdaten: 7 Jahre nach der Datenerfassung;<\/li>\n<\/ol>\n\t\t\t\t\t\t\t\t<\/div>\n\t\t\t\t<\/div>\n\t\t\t\t<div class=\"elementor-element elementor-element-2576154 elementor-widget elementor-widget-heading\" data-id=\"2576154\" data-element_type=\"widget\" data-e-type=\"widget\" data-widget_type=\"heading.default\">\n\t\t\t\t<div class=\"elementor-widget-container\">\n\t\t\t\t\t<h5 class=\"elementor-heading-title elementor-size-default\">\u00c4nderungen der Datenschutzbestimmungen<\/h5>\t\t\t\t<\/div>\n\t\t\t\t<\/div>\n\t\t\t\t<div class=\"elementor-element elementor-element-afa8be3 elementor-widget elementor-widget-text-editor\" data-id=\"afa8be3\" data-element_type=\"widget\" data-e-type=\"widget\" data-widget_type=\"text-editor.default\">\n\t\t\t\t<div class=\"elementor-widget-container\">\n\t\t\t\t\t\t\t\t\t<p class=\"p1\">Vierboom Trucks kann diese Erkl\u00e4rung zum Datenschutz jederzeit \u00e4ndern. Die \u00c4nderungen werden auf der Website von Vierboom Trucks ver\u00f6ffentlicht.<\/p>\n\t\t\t\t\t\t\t\t<\/div>\n\t\t\t\t<\/div>\n\t\t\t\t<div class=\"elementor-element elementor-element-417bd99 elementor-widget elementor-widget-heading\" data-id=\"417bd99\" data-element_type=\"widget\" data-e-type=\"widget\" data-widget_type=\"heading.default\">\n\t\t\t\t<div class=\"elementor-widget-container\">\n\t\t\t\t\t<h5 class=\"elementor-heading-title elementor-size-default\">Rechte, Fragen und Beschwerden<\/h5>\t\t\t\t<\/div>\n\t\t\t\t<\/div>\n\t\t\t\t<div class=\"elementor-element elementor-element-b839b0a elementor-widget elementor-widget-text-editor\" data-id=\"b839b0a\" data-element_type=\"widget\" data-e-type=\"widget\" data-widget_type=\"text-editor.default\">\n\t\t\t\t<div class=\"elementor-widget-container\">\n\t\t\t\t\t\t\t\t\t<p class=\"p1\">Eine betroffene Person hat das Recht, von Vierboom Trucks Auskunft, Berichtigung, L\u00f6schung, \u00dcbertragung, Einschr\u00e4nkung und Widerspruch gegen die Verarbeitung personenbezogener Daten zu verlangen. Eine betroffene Person kann sich diesbez\u00fcglich an Vierboom Trucks wenden.<\/p>\n\t\t\t\t\t\t\t\t<\/div>\n\t\t\t\t<\/div>\n\t\t\t\t<div class=\"elementor-element elementor-element-74f2591 elementor-widget elementor-widget-heading\" data-id=\"74f2591\" data-element_type=\"widget\" data-e-type=\"widget\" data-widget_type=\"heading.default\">\n\t\t\t\t<div class=\"elementor-widget-container\">\n\t\t\t\t\t<h5 class=\"elementor-heading-title elementor-size-default\">Vierboom Trucks B.V.<\/h5>\t\t\t\t<\/div>\n\t\t\t\t<\/div>\n\t\t\t\t<div class=\"elementor-element elementor-element-19b45ba elementor-widget elementor-widget-text-editor\" data-id=\"19b45ba\" data-element_type=\"widget\" data-e-type=\"widget\" data-widget_type=\"text-editor.default\">\n\t\t\t\t<div class=\"elementor-widget-container\">\n\t\t\t\t\t\t\t\t\t<p class=\"p1\">Koopmansweg 1A<\/p>\n<p class=\"p1\">6515 AK Nijmegen<\/p>\n<a href=\"tel:+31(0)243791038\"><p class=\"p1\">Tel:<b> +31 (0)24 379 10 38<\/p><\/b><\/a>\n<p class=\"p1\">info@vierboomtrucks.nl<\/p>\t\t\t\t\t\t\t\t<\/div>\n\t\t\t\t<\/div>\n\t\t\t\t\t<\/div>\n\t\t<\/div>\n\t\t\t\t\t<\/div>\n\t\t<\/section>\n\t\t\t\t<\/div>\n\t\t","protected":false},"excerpt":{"rendered":"<p>Das Privatunternehmen Vierboom Trucks B.V. (KvK. 30232689) misst dem Schutz personenbezogener Daten gro\u00dfe Bedeutung bei. Vierboom Trucks sieht es daher als seine Verantwortung an, Ihre Privatsph\u00e4re zu sch\u00fctzen. Auf dieser Seite erfahren Sie, welche Daten gesammelt werden, wenn Sie unsere Website nutzen, warum sie gesammelt werden und wie sie Ihr Nutzererlebnis verbessern. Anwendung Diese Erkl\u00e4rung [&hellip;]<\/p>\n","protected":false},"author":3,"featured_media":0,"parent":0,"menu_order":0,"comment_status":"closed","ping_status":"closed","template":"","meta":{"footnotes":""},"class_list":["post-13811","page","type-page","status-publish","hentry"],"_links":{"self":[{"href":"https:\/\/www.vierboomtrucks.nl\/de\/wp-json\/wp\/v2\/pages\/13811","targetHints":{"allow":["GET"]}}],"collection":[{"href":"https:\/\/www.vierboomtrucks.nl\/de\/wp-json\/wp\/v2\/pages"}],"about":[{"href":"https:\/\/www.vierboomtrucks.nl\/de\/wp-json\/wp\/v2\/types\/page"}],"author":[{"embeddable":true,"href":"https:\/\/www.vierboomtrucks.nl\/de\/wp-json\/wp\/v2\/users\/3"}],"replies":[{"embeddable":true,"href":"https:\/\/www.vierboomtrucks.nl\/de\/wp-json\/wp\/v2\/comments?post=13811"}],"version-history":[{"count":2,"href":"https:\/\/www.vierboomtrucks.nl\/de\/wp-json\/wp\/v2\/pages\/13811\/revisions"}],"predecessor-version":[{"id":13823,"href":"https:\/\/www.vierboomtrucks.nl\/de\/wp-json\/wp\/v2\/pages\/13811\/revisions\/13823"}],"wp:attachment":[{"href":"https:\/\/www.vierboomtrucks.nl\/de\/wp-json\/wp\/v2\/media?parent=13811"}],"curies":[{"name":"wp","href":"https:\/\/api.w.org\/{rel}","templated":true}]}}